{"id":2734,"date":"2022-01-21T13:53:59","date_gmt":"2022-01-21T13:53:59","guid":{"rendered":"https:\/\/bappert-online.de\/?page_id=2734"},"modified":"2022-12-15T18:44:33","modified_gmt":"2022-12-15T18:44:33","slug":"imprint","status":"publish","type":"page","link":"https:\/\/www.kraseba.com\/en\/impressum\/","title":{"rendered":"Imprint"},"content":{"rendered":"\t\t<div data-elementor-type=\"wp-page\" data-elementor-id=\"2734\" class=\"elementor elementor-2734\" data-elementor-post-type=\"page\">\n\t\t\t\t\t\t<section class=\"elementor-section elementor-top-section elementor-element elementor-element-da66930 elementor-section-boxed elementor-section-height-default elementor-section-height-default\" data-id=\"da66930\" data-element_type=\"section\" data-e-type=\"section\" data-settings=\"{&quot;jet_parallax_layout_list&quot;:[{&quot;jet_parallax_layout_image&quot;:{&quot;url&quot;:&quot;&quot;,&quot;id&quot;:&quot;&quot;,&quot;size&quot;:&quot;&quot;},&quot;_id&quot;:&quot;77aa46f&quot;,&quot;jet_parallax_layout_image_tablet&quot;:{&quot;url&quot;:&quot;&quot;,&quot;id&quot;:&quot;&quot;,&quot;size&quot;:&quot;&quot;},&quot;jet_parallax_layout_image_mobile&quot;:{&quot;url&quot;:&quot;&quot;,&quot;id&quot;:&quot;&quot;,&quot;size&quot;:&quot;&quot;},&quot;jet_parallax_layout_speed&quot;:{&quot;unit&quot;:&quot;%&quot;,&quot;size&quot;:50,&quot;sizes&quot;:[]},&quot;jet_parallax_layout_type&quot;:&quot;scroll&quot;,&quot;jet_parallax_layout_direction&quot;:&quot;1&quot;,&quot;jet_parallax_layout_fx_direction&quot;:null,&quot;jet_parallax_layout_z_index&quot;:&quot;&quot;,&quot;jet_parallax_layout_bg_x&quot;:50,&quot;jet_parallax_layout_bg_x_tablet&quot;:&quot;&quot;,&quot;jet_parallax_layout_bg_x_mobile&quot;:&quot;&quot;,&quot;jet_parallax_layout_bg_y&quot;:50,&quot;jet_parallax_layout_bg_y_tablet&quot;:&quot;&quot;,&quot;jet_parallax_layout_bg_y_mobile&quot;:&quot;&quot;,&quot;jet_parallax_layout_bg_size&quot;:&quot;auto&quot;,&quot;jet_parallax_layout_bg_size_tablet&quot;:&quot;&quot;,&quot;jet_parallax_layout_bg_size_mobile&quot;:&quot;&quot;,&quot;jet_parallax_layout_animation_prop&quot;:&quot;transform&quot;,&quot;jet_parallax_layout_on&quot;:[&quot;desktop&quot;,&quot;tablet&quot;]}]}\">\n\t\t\t\t\t\t<div class=\"elementor-container elementor-column-gap-default\">\n\t\t\t\t\t<div class=\"elementor-column elementor-col-100 elementor-top-column elementor-element elementor-element-1012757\" data-id=\"1012757\" data-element_type=\"column\" data-e-type=\"column\">\n\t\t\t<div class=\"elementor-widget-wrap elementor-element-populated\">\n\t\t\t\t\t\t<div class=\"elementor-element elementor-element-575137c elementor-widget elementor-widget-text-editor\" data-id=\"575137c\" data-element_type=\"widget\" data-e-type=\"widget\" data-widget_type=\"text-editor.default\">\n\t\t\t\t<div class=\"elementor-widget-container\">\n\t\t\t\t\t\t\t\t\t<h4><strong>Angaben gem\u00e4\u00df \u00a7 5 TMG:<\/strong><\/h4><h4><strong>KRASEBA GmbH &amp; Co. KG<\/strong><\/h4><p>K\u00e4ttergrund 9<br \/>35415 Pohlheim<\/p><p>T +49 6404 66 157-0<br \/>F +49 6404 66 12 36<br \/><a title=\"E-Mail\" href=\"mailto:info@kraseba.de\">info@kraseba.de<\/a><\/p><p><strong>Vertretung:<\/strong><br \/>Die KRASEBA GmbH &amp; Co. KG ist vertreten durch die KRASEBA Verwaltungsgesellschaft mbH.<br \/>Diese ist wiederum vertreten durch den\u00a0 Gesch\u00e4ftsf\u00fchrer Olaf Bappert (Anschrift wie oben).<\/p><p><strong>Umsatzsteuer-Identifikationsnummer<\/strong>\u00a0gem\u00e4\u00df \u00a727 a Umsatzsteuergesetz:<br \/>USt.-IdNr.: DE-352406825<\/p><p><strong>Registereintrag<\/strong>:<br \/>Eingetragen im Handelsregister Gie\u00dfen,<br \/>HRA 5237 (KRASEBA GmbH &amp; Co. KG),<br \/>HRB 10786 (KRASEBA Verwaltungsgesellschaft mbH)<\/p><p><strong>Verantwortliche Person f\u00fcr journalistisch-redaktionell gestaltete Angebote:<\/strong><\/p><p>Olaf Bappert<br \/>K\u00e4ttergrund 9<br \/>35415 Pohlheim<\/p><p><a href=\"mailto:info@kraseba.de\">info@kraseba.de<\/a><\/p><p><strong>Online-Streitbeilegung \/ Streitbeilegungsverfahren:<\/strong><br \/>Die Europ\u00e4ische Kommission stellt eine Plattform zur Online-Streitbeilegung bereit, die Sie unter\u00a0<a href=\"http:\/\/ec.europa.eu\/consumers\/odr\/\" target=\"_blank\" rel=\"noopener noreferrer\">http:\/\/ec.europa.eu\/consumers\/odr\/<\/a>\u00a0finden.<br \/>Die Firma Kraseba GmbH &amp; Co. KG, nimmt nicht an Streitbeilegungsverfahren vor einer Verbraucherschlichtungsstelle teil.<\/p>\t\t\t\t\t\t\t\t<\/div>\n\t\t\t\t<\/div>\n\t\t\t\t\t<\/div>\n\t\t<\/div>\n\t\t\t\t\t<\/div>\n\t\t<\/section>\n\t\t\t\t<\/div>\n\t\t","protected":false},"excerpt":{"rendered":"<p>Angaben gem\u00e4\u00df \u00a7 5 TMG: KRASEBA GmbH &amp; Co. KG K\u00e4ttergrund 935415 Pohlheim T +49 6404 66 157-0F +49 6404 66 12 36info@kraseba.de Vertretung:Die KRASEBA GmbH &amp; Co. KG ist vertreten durch die KRASEBA Verwaltungsgesellschaft mbH.Diese ist wiederum vertreten durch den\u00a0 Gesch\u00e4ftsf\u00fchrer Olaf Bappert (Anschrift wie oben). Umsatzsteuer-Identifikationsnummer\u00a0gem\u00e4\u00df \u00a727 a Umsatzsteuergesetz:USt.-IdNr.: DE-352406825 Registereintrag:Eingetragen im Handelsregister [&hellip;]<\/p>\n","protected":false},"author":1,"featured_media":0,"parent":0,"menu_order":0,"comment_status":"closed","ping_status":"closed","template":"","meta":{"footnotes":""},"class_list":["post-2734","page","type-page","status-publish","hentry"],"yoast_head":"<!-- This site is optimized with the Yoast SEO plugin v27.5 - https:\/\/yoast.com\/product\/yoast-seo-wordpress\/ -->\n<title>Impressum - Kranfahrer mieten \u2013 Professionelle Kranf\u00fchrer europaweit mieten | KRASEBA<\/title>\n<meta name=\"robots\" content=\"index, follow, max-snippet:-1, max-image-preview:large, max-video-preview:-1\" \/>\n<link rel=\"canonical\" href=\"https:\/\/www.kraseba.com\/en\/imprint\/\" \/>\n<meta property=\"og:locale\" content=\"en_GB\" \/>\n<meta property=\"og:type\" content=\"article\" \/>\n<meta property=\"og:title\" content=\"Impressum - Kranfahrer mieten \u2013 Professionelle Kranf\u00fchrer europaweit mieten | KRASEBA\" \/>\n<meta property=\"og:description\" content=\"Angaben gem\u00e4\u00df \u00a7 5 TMG: KRASEBA GmbH &amp; Co. KG K\u00e4ttergrund 935415 Pohlheim T +49 6404 66 157-0F +49 6404 66 12 36info@kraseba.de Vertretung:Die KRASEBA GmbH &amp; Co. KG ist vertreten durch die KRASEBA Verwaltungsgesellschaft mbH.Diese ist wiederum vertreten durch den\u00a0 Gesch\u00e4ftsf\u00fchrer Olaf Bappert (Anschrift wie oben). Umsatzsteuer-Identifikationsnummer\u00a0gem\u00e4\u00df \u00a727 a Umsatzsteuergesetz:USt.-IdNr.: DE-352406825 Registereintrag:Eingetragen im Handelsregister [&hellip;]\" \/>\n<meta property=\"og:url\" content=\"https:\/\/www.kraseba.com\/en\/imprint\/\" \/>\n<meta property=\"og:site_name\" content=\"Kranfahrer mieten \u2013 Professionelle Kranf\u00fchrer europaweit mieten | KRASEBA\" \/>\n<meta property=\"article:publisher\" content=\"https:\/\/www.facebook.com\/Kraseb\" \/>\n<meta property=\"article:modified_time\" content=\"2022-12-15T18:44:33+00:00\" \/>\n<meta name=\"twitter:card\" content=\"summary_large_image\" \/>\n<meta name=\"twitter:label1\" content=\"Estimated reading time\" \/>\n\t<meta name=\"twitter:data1\" content=\"1 minute\" \/>\n<script type=\"application\/ld+json\" class=\"yoast-schema-graph\">{\"@context\":\"https:\\\/\\\/schema.org\",\"@graph\":[{\"@type\":\"WebPage\",\"@id\":\"https:\\\/\\\/www.kraseba.com\\\/impressum\\\/\",\"url\":\"https:\\\/\\\/www.kraseba.com\\\/impressum\\\/\",\"name\":\"Impressum - Kranfahrer mieten \u2013 Professionelle Kranf\u00fchrer europaweit mieten | KRASEBA\",\"isPartOf\":{\"@id\":\"https:\\\/\\\/www.kraseba.com\\\/#website\"},\"datePublished\":\"2022-01-21T13:53:59+00:00\",\"dateModified\":\"2022-12-15T18:44:33+00:00\",\"breadcrumb\":{\"@id\":\"https:\\\/\\\/www.kraseba.com\\\/impressum\\\/#breadcrumb\"},\"inLanguage\":\"en-GB\",\"potentialAction\":[{\"@type\":\"ReadAction\",\"target\":[\"https:\\\/\\\/www.kraseba.com\\\/impressum\\\/\"]}]},{\"@type\":\"BreadcrumbList\",\"@id\":\"https:\\\/\\\/www.kraseba.com\\\/impressum\\\/#breadcrumb\",\"itemListElement\":[{\"@type\":\"ListItem\",\"position\":1,\"name\":\"Startseite\",\"item\":\"https:\\\/\\\/www.kraseba.com\\\/\"},{\"@type\":\"ListItem\",\"position\":2,\"name\":\"Impressum\"}]},{\"@type\":\"WebSite\",\"@id\":\"https:\\\/\\\/www.kraseba.com\\\/#website\",\"url\":\"https:\\\/\\\/www.kraseba.com\\\/\",\"name\":\"Kranfahrer mieten \u2013 Professionelle Kranf\u00fchrer europaweit mieten | KRASEBA\",\"description\":\"KRASEBA vemietet europaweit Kranfahrer und Kranf\u00fchrer\",\"publisher\":{\"@id\":\"https:\\\/\\\/www.kraseba.com\\\/#organization\"},\"potentialAction\":[{\"@type\":\"SearchAction\",\"target\":{\"@type\":\"EntryPoint\",\"urlTemplate\":\"https:\\\/\\\/www.kraseba.com\\\/?s={search_term_string}\"},\"query-input\":{\"@type\":\"PropertyValueSpecification\",\"valueRequired\":true,\"valueName\":\"search_term_string\"}}],\"inLanguage\":\"en-GB\"},{\"@type\":\"Organization\",\"@id\":\"https:\\\/\\\/www.kraseba.com\\\/#organization\",\"name\":\"Kran Service Bappert Kraseba\",\"url\":\"https:\\\/\\\/www.kraseba.com\\\/\",\"logo\":{\"@type\":\"ImageObject\",\"inLanguage\":\"en-GB\",\"@id\":\"https:\\\/\\\/www.kraseba.com\\\/#\\\/schema\\\/logo\\\/image\\\/\",\"url\":\"https:\\\/\\\/www.kraseba.com\\\/wp-content\\\/uploads\\\/2019\\\/09\\\/sz3EKq3A-1.png\",\"contentUrl\":\"https:\\\/\\\/www.kraseba.com\\\/wp-content\\\/uploads\\\/2019\\\/09\\\/sz3EKq3A-1.png\",\"width\":2048,\"height\":748,\"caption\":\"Kran Service Bappert Kraseba\"},\"image\":{\"@id\":\"https:\\\/\\\/www.kraseba.com\\\/#\\\/schema\\\/logo\\\/image\\\/\"},\"sameAs\":[\"https:\\\/\\\/www.facebook.com\\\/Kraseb\"]}]}<\/script>\n<!-- \/ Yoast SEO plugin. -->","yoast_head_json":{"title":"Imprint - Hire crane operators - Hire professional crane operators throughout Europe | KRASEBA","robots":{"index":"index","follow":"follow","max-snippet":"max-snippet:-1","max-image-preview":"max-image-preview:large","max-video-preview":"max-video-preview:-1"},"canonical":"https:\/\/www.kraseba.com\/en\/imprint\/","og_locale":"en_GB","og_type":"article","og_title":"Impressum - Kranfahrer mieten \u2013 Professionelle Kranf\u00fchrer europaweit mieten | KRASEBA","og_description":"Angaben gem\u00e4\u00df \u00a7 5 TMG: KRASEBA GmbH &amp; Co. KG K\u00e4ttergrund 935415 Pohlheim T +49 6404 66 157-0F +49 6404 66 12 36info@kraseba.de Vertretung:Die KRASEBA GmbH &amp; Co. KG ist vertreten durch die KRASEBA Verwaltungsgesellschaft mbH.Diese ist wiederum vertreten durch den\u00a0 Gesch\u00e4ftsf\u00fchrer Olaf Bappert (Anschrift wie oben). Umsatzsteuer-Identifikationsnummer\u00a0gem\u00e4\u00df \u00a727 a Umsatzsteuergesetz:USt.-IdNr.: DE-352406825 Registereintrag:Eingetragen im Handelsregister [&hellip;]","og_url":"https:\/\/www.kraseba.com\/en\/imprint\/","og_site_name":"Kranfahrer mieten \u2013 Professionelle Kranf\u00fchrer europaweit mieten | KRASEBA","article_publisher":"https:\/\/www.facebook.com\/Kraseb","article_modified_time":"2022-12-15T18:44:33+00:00","twitter_card":"summary_large_image","twitter_misc":{"Estimated reading time":"1 minute"},"schema":{"@context":"https:\/\/schema.org","@graph":[{"@type":"WebPage","@id":"https:\/\/www.kraseba.com\/impressum\/","url":"https:\/\/www.kraseba.com\/impressum\/","name":"Imprint - Hire crane operators - Hire professional crane operators throughout Europe | KRASEBA","isPartOf":{"@id":"https:\/\/www.kraseba.com\/#website"},"datePublished":"2022-01-21T13:53:59+00:00","dateModified":"2022-12-15T18:44:33+00:00","breadcrumb":{"@id":"https:\/\/www.kraseba.com\/impressum\/#breadcrumb"},"inLanguage":"en-GB","potentialAction":[{"@type":"ReadAction","target":["https:\/\/www.kraseba.com\/impressum\/"]}]},{"@type":"BreadcrumbList","@id":"https:\/\/www.kraseba.com\/impressum\/#breadcrumb","itemListElement":[{"@type":"ListItem","position":1,"name":"Startseite","item":"https:\/\/www.kraseba.com\/"},{"@type":"ListItem","position":2,"name":"Impressum"}]},{"@type":"WebSite","@id":"https:\/\/www.kraseba.com\/#website","url":"https:\/\/www.kraseba.com\/","name":"Hire crane operators - Hire professional crane operators throughout Europe | KRASEBA","description":"KRASEBA hires crane drivers and crane operators throughout Europe","publisher":{"@id":"https:\/\/www.kraseba.com\/#organization"},"potentialAction":[{"@type":"SearchAction","target":{"@type":"EntryPoint","urlTemplate":"https:\/\/www.kraseba.com\/?s={search_term_string}"},"query-input":{"@type":"PropertyValueSpecification","valueRequired":true,"valueName":"search_term_string"}}],"inLanguage":"en-GB"},{"@type":"Organization","@id":"https:\/\/www.kraseba.com\/#organization","name":"Crane Service Bappert Kraseba","url":"https:\/\/www.kraseba.com\/","logo":{"@type":"ImageObject","inLanguage":"en-GB","@id":"https:\/\/www.kraseba.com\/#\/schema\/logo\/image\/","url":"https:\/\/www.kraseba.com\/wp-content\/uploads\/2019\/09\/sz3EKq3A-1.png","contentUrl":"https:\/\/www.kraseba.com\/wp-content\/uploads\/2019\/09\/sz3EKq3A-1.png","width":2048,"height":748,"caption":"Kran Service Bappert Kraseba"},"image":{"@id":"https:\/\/www.kraseba.com\/#\/schema\/logo\/image\/"},"sameAs":["https:\/\/www.facebook.com\/Kraseb"]}]}},"_links":{"self":[{"href":"https:\/\/www.kraseba.com\/en\/wp-json\/wp\/v2\/pages\/2734","targetHints":{"allow":["GET"]}}],"collection":[{"href":"https:\/\/www.kraseba.com\/en\/wp-json\/wp\/v2\/pages"}],"about":[{"href":"https:\/\/www.kraseba.com\/en\/wp-json\/wp\/v2\/types\/page"}],"author":[{"embeddable":true,"href":"https:\/\/www.kraseba.com\/en\/wp-json\/wp\/v2\/users\/1"}],"replies":[{"embeddable":true,"href":"https:\/\/www.kraseba.com\/en\/wp-json\/wp\/v2\/comments?post=2734"}],"version-history":[{"count":0,"href":"https:\/\/www.kraseba.com\/en\/wp-json\/wp\/v2\/pages\/2734\/revisions"}],"wp:attachment":[{"href":"https:\/\/www.kraseba.com\/en\/wp-json\/wp\/v2\/media?parent=2734"}],"curies":[{"name":"wp","href":"https:\/\/api.w.org\/{rel}","templated":true}]}}